{"id":3670,"date":"2023-05-16T13:27:52","date_gmt":"2023-05-16T13:27:52","guid":{"rendered":"https:\/\/taga.es\/?page_id=3670"},"modified":"2024-02-12T13:06:45","modified_gmt":"2024-02-12T13:06:45","slug":"legal-notice","status":"publish","type":"page","link":"https:\/\/taga.es\/en\/legal-notice\/","title":{"rendered":"Legal Notice"},"content":{"rendered":"<p>[et_pb_section fb_built=&#8221;1&#8243; admin_label=&#8221;TITOL APARTAT&#8221; _builder_version=&#8221;4.16&#8243; background_image=&#8221;https:\/\/taga.es\/wp-content\/uploads\/2019\/08\/TAGA-engenieria-escenica-slide-3.jpg&#8221; parallax=&#8221;on&#8221; custom_margin=&#8221;0px||||false|false&#8221; custom_padding=&#8221;0px||10px||false|false&#8221; bottom_divider_style=&#8221;slant&#8221; bottom_divider_color=&#8221;#ffffff&#8221; bottom_divider_height=&#8221;30px&#8221; saved_tabs=&#8221;all&#8221; global_colors_info=&#8221;{}&#8221;][et_pb_row _builder_version=&#8221;4.16&#8243; global_colors_info=&#8221;{}&#8221;][et_pb_column type=&#8221;4_4&#8243; _builder_version=&#8221;4.16&#8243; global_colors_info=&#8221;{}&#8221;][et_pb_post_title meta=&#8221;off&#8221; featured_image=&#8221;off&#8221; _builder_version=&#8221;4.20.4&#8243; title_font=&#8221;HIGHTIDE-BOLD||||||||&#8221; title_text_align=&#8221;center&#8221; title_text_color=&#8221;#ffffff&#8221; title_font_size=&#8221;36px&#8221; text_orientation=&#8221;center&#8221; global_colors_info=&#8221;{}&#8221;][\/et_pb_post_title][\/et_pb_column][\/et_pb_row][\/et_pb_section][et_pb_section fb_built=&#8221;1&#8243; _builder_version=&#8221;4.16&#8243; background_color=&#8221;rgba(0,0,0,0)&#8221; parallax=&#8221;on&#8221; custom_padding=&#8221;30px||0px|||&#8221; bottom_divider_color=&#8221;rgba(0,0,0,0)&#8221; bottom_divider_height=&#8221;60px&#8221; bottom_divider_flip=&#8221;horizontal&#8221; global_colors_info=&#8221;{}&#8221;][et_pb_row use_custom_gutter=&#8221;on&#8221; gutter_width=&#8221;3&#8243; _builder_version=&#8221;4.16&#8243; background_color=&#8221;rgba(0,0,0,0)&#8221; max_width=&#8221;100%&#8221; module_alignment=&#8221;center&#8221; min_height=&#8221;487px&#8221; custom_margin=&#8221;|158px||auto||&#8221; custom_padding=&#8221;||90px|||&#8221; global_colors_info=&#8221;{}&#8221;][et_pb_column type=&#8221;4_4&#8243; _builder_version=&#8221;4.16&#8243; custom_padding=&#8221;|||&#8221; global_colors_info=&#8221;{}&#8221; custom_padding__hover=&#8221;|||&#8221;][et_pb_text _builder_version=&#8221;4.20.4&#8243; custom_padding=&#8221;||1px|||&#8221; global_colors_info=&#8221;{}&#8221;]In accordance with the provisions of Law 34\/2002, of July 11, Services of the Information Society and Electronic Commerce (LSSI), the general information of this website is provided below.<\/p>\n<p><strong>OWNERSHIP OF THE WEBSITE<\/strong><\/p>\n<p>The owner of this website is the company TAGA PROYECTOS ESC\u00c9NICOS SL with CIF B88092879, and registered office at c \/ Mister Lodge 21 P2 1B Villanueva del Pardillo (28229), e-mail carlos@taga.es, and registered in the Mercantile Registry of Madrid, in Volume 38432, Book 0, Folio 14, Section 8, Page M 683621, Inscription or annotation 1,\u00a0 Pre Year 2018. Hereinafter it will be called RESPONSIBLE.<\/p>\n<p><strong>GENERAL CONDITIONS OF USE<\/strong><\/p>\n<p>Access to this website is the sole responsibility of the user and implies accepting, without any reservation, the conditions and terms of use contained therein, as well as knowing the legal warnings. The user undertakes to make good use of the website and its contents and services and, including but not limited to, not to use them for illicit activities, illegal or contrary to good faith, morality, public order, and the rights or interests of third parties.<\/p>\n<p><strong>INTELLECTUAL AND INDUSTRIAL PROPERTY<\/strong><\/p>\n<p>The design of the website and its source codes, as well as the logos, trademarks and other distinctive signs that appear on it, belong to the Responsible, and are protected by the corresponding intellectual and industrial property rights.<\/p>\n<p>The total or partial reproduction of the material published on this website may not be reproduced, copied or published without the written authorization of the Responsible.<\/p>\n<p>All products and services that are not owned by the Controller are registered trademarks of their respective owners and are recognized as such by the Data Controller.<\/p>\n<p><strong>EXCLUSION OF LIABILITY<\/strong><\/p>\n<p>The website may include links to third-party websites. In no case can the Responsible not be held responsible for the contents of these websites so that it does not exercise any control. It is recommended to read the conditions of use, privacy and treatment of personal data of these third-party sites.<\/p>\n<p>Nor can it be held responsible for damages of any kind due to errors or omissions in the contents, the lack of availability of the website, nor guarantee the absence of viruses or other elements that could cause alterations in the user&#8217;s computer system.<\/p>\n<p>The Data Controller cannot assume any responsibility for the incorrect or illegal use of the information appearing on the website.<\/p>\n<p><strong>USE OF &#8220;COOKIES&#8221;<\/strong><\/p>\n<p>This website may use technical &#8220;cookies&#8221; and in any case are temporary.<\/p>\n<p><strong>APPLICABLE LAWS ON THIS WEBSITE<\/strong><\/p>\n<p>RGPD-Regulation (EU) 2016\/679 of the European Parliament and of the Council of April 27, 2016, regarding the protection of natural persons.<\/p>\n<p>LOPD-Organic Law 15\/1999, of December 13, on the protection of personal data and Royal Decree 1720\/2007, of December 21, Regulation of development of the LOPD.<\/p>\n<p>LSSI-Law 34\/2002, of July 11, Services of the Information Society and Electronic Commerce.<\/p>\n<p><strong>APPLICABLE LAW AND JURISDICTION<\/strong><\/p>\n<p>For the resolution of issues or conflicts related to this website or the activities carried out on it, current Spanish and European legislation will apply, expressly submitting the parties, regardless of their jurisdiction if the Courts and Tribunals of Madrid had it.<\/p>\n<p>\u200b<br \/>\n[\/et_pb_text][\/et_pb_column][\/et_pb_row][\/et_pb_section][et_pb_section fb_built=&#8221;1&#8243; prev_background_color=&#8221;rgba(0,0,0,0)&#8221; admin_label=&#8221;FOOTER EN&#8221; _builder_version=&#8221;4.20.4&#8243; background_color=&#8221;#e02b20&#8243; custom_padding=&#8221;80px||0px||false|false&#8221; top_divider_style=&#8221;slant&#8221; top_divider_height=&#8221;50px&#8221; top_divider_flip=&#8221;horizontal&#8221; global_module=&#8221;6724&#8243; saved_tabs=&#8221;all&#8221; collapsed=&#8221;off&#8221; global_colors_info=&#8221;{}&#8221; locked=&#8221;off&#8221;][et_pb_row column_structure=&#8221;1_5,1_5,1_5,1_5,1_5&#8243; use_custom_gutter=&#8221;on&#8221; _builder_version=&#8221;4.16&#8243; max_width=&#8221;100%&#8221; global_colors_info=&#8221;{}&#8221;][et_pb_column type=&#8221;1_5&#8243; _builder_version=&#8221;4.16&#8243; custom_padding=&#8221;|||&#8221; global_colors_info=&#8221;{}&#8221; custom_padding__hover=&#8221;|||&#8221;][et_pb_blurb title=&#8221;PARTNERS&#8221; content_max_width=&#8221;100%&#8221; title_tablet=&#8221;&#8221; title_phone=&#8221;&#8221; title_last_edited=&#8221;on|phone&#8221; icon_placement_tablet=&#8221;&#8221; icon_placement_phone=&#8221;top&#8221; icon_placement_last_edited=&#8221;on|phone&#8221; _builder_version=&#8221;4.20.4&#8243; header_level=&#8221;h1&#8243; header_font=&#8221;HIGHTIDEREGULAR|700|||||||&#8221; header_text_align=&#8221;left&#8221; header_text_color=&#8221;#ffffff&#8221; header_font_size=&#8221;20px&#8221; image_icon_custom_padding_tablet=&#8221;&#8221; image_icon_custom_padding_phone=&#8221;&#8221; image_icon_custom_padding_last_edited=&#8221;on|phone&#8221; custom_margin=&#8221;-7px||0px||false|false&#8221; custom_padding=&#8221;||0px|||&#8221; header_text_align_tablet=&#8221;&#8221; header_text_align_phone=&#8221;center&#8221; header_text_align_last_edited=&#8221;on|phone&#8221; text_orientation_tablet=&#8221;&#8221; text_orientation_phone=&#8221;center&#8221; text_orientation_last_edited=&#8221;on|phone&#8221; border_width_all_image_tablet=&#8221;&#8221; border_width_all_image_phone=&#8221;&#8221; border_width_all_image_last_edited=&#8221;on|phone&#8221; global_colors_info=&#8221;{}&#8221;][\/et_pb_blurb][et_pb_divider color=&#8221;#000000&#8243; divider_weight=&#8221;5px&#8221; _builder_version=&#8221;4.20.4&#8243; width=&#8221;50px&#8221; module_alignment=&#8221;left&#8221; custom_margin=&#8221;0px||0px&#8221; module_alignment_tablet=&#8221;&#8221; module_alignment_phone=&#8221;center&#8221; module_alignment_last_edited=&#8221;on|phone&#8221; global_colors_info=&#8221;{}&#8221;][\/et_pb_divider][et_pb_text _builder_version=&#8221;4.20.4&#8243; text_text_color=&#8221;#ffffff&#8221; text_line_height=&#8221;1.4em&#8221; text_orientation_tablet=&#8221;&#8221; text_orientation_phone=&#8221;center&#8221; text_orientation_last_edited=&#8221;on|phone&#8221; global_colors_info=&#8221;{}&#8221;]<\/p>\n<p><strong>TAGA works closely with:<\/strong><\/p>\n<p>[\/et_pb_text][\/et_pb_column][et_pb_column type=&#8221;1_5&#8243; _builder_version=&#8221;4.16&#8243; custom_padding=&#8221;|||&#8221; global_colors_info=&#8221;{}&#8221; custom_padding__hover=&#8221;|||&#8221;][et_pb_image src=&#8221;https:\/\/taga.es\/wp-content\/uploads\/2019\/12\/ALTIMIR-INGENIERIA-logo-BN.png&#8221; url=&#8221;https:\/\/altimirenginyeria.com\/&#8221; url_new_window=&#8221;on&#8221; align=&#8221;center&#8221; _builder_version=&#8221;4.20.4&#8243; custom_margin=&#8221;-8px|||||&#8221; global_colors_info=&#8221;{}&#8221;][\/et_pb_image][et_pb_image src=&#8221;https:\/\/taga.es\/wp-content\/uploads\/2023\/01\/logo-PS-STAGE.png&#8221; url=&#8221;https:\/\/www.ps-stage.com\/es\/&#8221; align=&#8221;center&#8221; _builder_version=&#8221;4.16&#8243; custom_margin=&#8221;-8px|||||&#8221; global_colors_info=&#8221;{}&#8221;][\/et_pb_image][\/et_pb_column][et_pb_column type=&#8221;1_5&#8243; _builder_version=&#8221;4.16&#8243; custom_padding=&#8221;|||&#8221; global_colors_info=&#8221;{}&#8221; custom_padding__hover=&#8221;|||&#8221;][et_pb_image src=&#8221;https:\/\/taga.es\/wp-content\/uploads\/2019\/12\/ELTELAR_logo-1.png&#8221; url=&#8221;http:\/\/www.eltelarrigging.com\/&#8221; url_new_window=&#8221;on&#8221; align=&#8221;center&#8221; _builder_version=&#8221;4.16&#8243; custom_margin=&#8221;-13px|||||&#8221; global_colors_info=&#8221;{}&#8221;][\/et_pb_image][et_pb_image src=&#8221;https:\/\/taga.es\/wp-content\/uploads\/2023\/01\/logo-luz-lez.png&#8221; url=&#8221;https:\/\/luzyled.es\/&#8221; url_new_window=&#8221;on&#8221; align=&#8221;center&#8221; _builder_version=&#8221;4.16&#8243; width=&#8221;80%&#8221; custom_margin=&#8221;-13px|||||&#8221; global_colors_info=&#8221;{}&#8221;][\/et_pb_image][\/et_pb_column][et_pb_column type=&#8221;1_5&#8243; _builder_version=&#8221;4.16&#8243; custom_padding=&#8221;|||&#8221; global_colors_info=&#8221;{}&#8221; custom_padding__hover=&#8221;|||&#8221;][et_pb_image src=&#8221;https:\/\/taga.es\/wp-content\/uploads\/2023\/01\/logo-pascualin-estructures.png&#8221; url=&#8221;http:\/\/www.pascualinestructures.com\/&#8221; url_new_window=&#8221;on&#8221; align=&#8221;center&#8221; _builder_version=&#8221;4.16&#8243; custom_margin=&#8221;-14px|||||&#8221; global_colors_info=&#8221;{}&#8221;][\/et_pb_image][et_pb_image src=&#8221;https:\/\/taga.es\/wp-content\/uploads\/2023\/01\/logo-Mambo-Decorados-ok.png&#8221; url=&#8221;https:\/\/www.facebook.com\/profile.php?id=100057801184093&#8243; url_new_window=&#8221;on&#8221; align=&#8221;center&#8221; _builder_version=&#8221;4.16&#8243; custom_margin=&#8221;-14px|||||&#8221; global_colors_info=&#8221;{}&#8221;][\/et_pb_image][\/et_pb_column][et_pb_column type=&#8221;1_5&#8243; _builder_version=&#8221;4.16&#8243; custom_padding=&#8221;|||&#8221; global_colors_info=&#8221;{}&#8221; custom_padding__hover=&#8221;|||&#8221;][et_pb_image src=&#8221;https:\/\/taga.es\/wp-content\/uploads\/2020\/03\/IllusionStage-logo-2.png&#8221; url_new_window=&#8221;on&#8221; align=&#8221;center&#8221; _builder_version=&#8221;4.16&#8243; custom_margin=&#8221;-14px|||||&#8221; global_colors_info=&#8221;{}&#8221;][\/et_pb_image][et_pb_image src=&#8221;https:\/\/taga.es\/wp-content\/uploads\/2023\/01\/logo-mac-escenic.png&#8221; url=&#8221;https:\/\/macescenic.com\/&#8221; url_new_window=&#8221;on&#8221; align=&#8221;center&#8221; _builder_version=&#8221;4.16&#8243; custom_margin=&#8221;-14px|||||&#8221; global_colors_info=&#8221;{}&#8221;][\/et_pb_image][\/et_pb_column][\/et_pb_row][et_pb_row use_custom_gutter=&#8221;on&#8221; _builder_version=&#8221;4.20.4&#8243; _module_preset=&#8221;default&#8221; background_color=&#8221;#000000&#8243; width=&#8221;100%&#8221; max_width=&#8221;100%&#8221; module_alignment=&#8221;center&#8221; custom_padding=&#8221;15px||15px||false|false&#8221; locked=&#8221;off&#8221; global_colors_info=&#8221;{}&#8221;][et_pb_column type=&#8221;4_4&#8243; _builder_version=&#8221;4.20.4&#8243; _module_preset=&#8221;default&#8221; global_colors_info=&#8221;{}&#8221;][et_pb_blurb content_max_width=&#8221;100%&#8221; _builder_version=&#8221;4.20.4&#8243; _module_preset=&#8221;default&#8221; text_orientation=&#8221;center&#8221; global_colors_info=&#8221;{}&#8221;]\u00a9 TAGA PROYECTOS ESCENICOS SL 2024 | <a href=\"https:\/\/taga.es\/en\/legal-notice\/\">Legal notice<\/a>\u00a0|\u00a0<a href=\"https:\/\/taga.es\/en\/cookies-policy\/\">Cookies policy<\/a>\u00a0|\u00a0<a href=\"https:\/\/taga.es\/en\/privacy-policy\/\">Privacy Policy<\/a>\u00a0|\u00a0<a href=\"https:\/\/taga.es\/en\/politica-de-calidad\/\">Quality politics<\/a>[\/et_pb_blurb][\/et_pb_column][\/et_pb_row][\/et_pb_section]<\/p>\n","protected":false},"excerpt":{"rendered":"<p>In accordance with the provisions of Law 34\/2002, of July 11, Services of the Information Society and Electronic Commerce (LSSI), the general information of this website is provided below. OWNERSHIP OF THE WEBSITE The owner of this website is the company TAGA PROYECTOS ESC\u00c9NICOS SL with CIF B88092879, and registered office at c \/ Mister [&hellip;]<\/p>\n","protected":false},"author":3,"featured_media":0,"parent":0,"menu_order":0,"comment_status":"closed","ping_status":"closed","template":"","meta":{"_et_pb_use_builder":"on","_et_pb_old_content":"<p>[et_pb_section fb_built=\"1\" admin_label=\"TITOL APARTAT\" _builder_version=\"4.0.7\" background_image=\"http:\/\/taga.es\/wp-content\/uploads\/2019\/08\/TAGA-engenieria-escenica-slide-3.jpg\" parallax=\"on\" custom_margin=\"0px||||false|false\" custom_padding=\"0px||10px||false|false\" bottom_divider_style=\"slant\" bottom_divider_color=\"#ffffff\" bottom_divider_height=\"30px\" global_module=\"1060\" saved_tabs=\"all\"][et_pb_row _builder_version=\"4.0.7\"][et_pb_column type=\"4_4\" _builder_version=\"4.0.7\"][et_pb_post_title meta=\"off\" featured_image=\"off\" _builder_version=\"4.0.7\" title_font=\"HIGHTIDE-BOLD||||||||\" title_text_align=\"center\" title_text_color=\"#ffffff\" title_font_size=\"36px\" text_orientation=\"center\"][\/et_pb_post_title][\/et_pb_column][\/et_pb_row][\/et_pb_section][et_pb_section fb_built=\"1\" _builder_version=\"4.0.7\" background_color=\"rgba(0,0,0,0)\" parallax=\"on\" custom_padding=\"30px||0px|||\" bottom_divider_color=\"rgba(0,0,0,0)\" bottom_divider_height=\"60px\" bottom_divider_flip=\"horizontal\"][et_pb_row use_custom_gutter=\"on\" gutter_width=\"3\" _builder_version=\"4.0.7\" background_color=\"rgba(0,0,0,0)\" max_width=\"100%\" module_alignment=\"center\" min_height=\"487px\" custom_margin=\"|158px||auto||\" custom_padding=\"||90px|||\"][et_pb_column type=\"4_4\" _builder_version=\"3.25\" custom_padding=\"|||\" custom_padding__hover=\"|||\"][et_pb_text _builder_version=\"4.0.7\" custom_padding=\"||1px|||\" hover_enabled=\"0\"]<\/p><p>De conformidad con lo que se establece en la Ley 34\/2002, de 11 de julio, de Servicios de la Sociedad de la Informaci\u00f3n y del Comercio Electr\u00f3nico (LSSI), seguidamente se facilita la informaci\u00f3n general de este sitio web.<\/p><p><strong>TITULARIDAD DE LA WEB<\/strong><\/p><p>El titular de esta p\u00e1gina web es la sociedad TAGA PROYECTOS ESC\u00c9NICOS SL con CIF B88092879, y domicilio social en\u00a0c\/Mister Lodge 21 P2 1B\u00a0Villanueva del Pardillo (28229), e-mail carlos@taga.es, e inscrita en el Registro Mercantil de Madrid, en el Tomo 38432, Libro 0, Folio 14, Secci\u00f3n 8, Hoja M 683621, Inscripci\u00f3n o anotaci\u00f3n 1, A\u00f1o Pre 2018. En adelante se le llamar\u00e1 RESPONSABLE.<\/p><p><strong>CONDICIONES GENERALES DE USO<\/strong><\/p><p>El acceso a esta p\u00e1gina web es responsabilidad exclusiva del usuario y supone aceptar, sin ninguna reserva, las condiciones y t\u00e9rminos de uso contenidos en la misma, as\u00ed como conocer las advertencias legales. El usuario se compromete a hacer un buen uso de la web y de sus contenidos y servicios y con car\u00e1cter enunciativo pero no limitativo, a no utilizarlas para actividades il\u00edcitas, ilegales o contrarias a la buena fe, la moral, el orden p\u00fablico, y los derechos o intereses de terceros.<\/p><p><strong>PROPIEDAD INTELECTUAL E INDUSTRIAL<\/strong><\/p><p>El dise\u00f1o de la web y sus c\u00f3digos fuente, as\u00ed como los logos, marcas y otros signos distintivos que aparecen en esta, pertenecen al Responsable, y est\u00e1n protegidos por los correspondientes derechos de propiedad intelectual e industrial.<\/p><p>La reproducci\u00f3n total o parcial del material publicado en esta web no podr\u00e1 ser reproducido, copiado o publicado sin la autorizaci\u00f3n escrita del Responsable.<\/p><p>Todos los productos y servicios que no son propiedad del Responsable son marcas registradas de sus respectivos propietarios y son reconocidas como tales por el Responsable.<\/p><p><strong>EXCLUSI\u00d3N DE RESPONSABILIDAD<\/strong><\/p><p>La p\u00e1gina web puede incluir enlaces (links) a sitios web de terceros. En ning\u00fan caso el Responsable no puede ser considerado responsable de los contenidos de estos sitios web para que no ejerce ning\u00fan control. Se recomienda la lectura de las condiciones de uso, privacidad y tratamiento de los datos personales de estos sitios de terceros.<\/p><p>Tampoco se puede responsabilizar por los da\u00f1os y perjuicios de cualquier clase por errores u omisiones en los contenidos, la falta de disponibilidad del sitio web, ni garantizar la ausencia de virus u otros elementos que pudi\u00e9ramos producir alteraciones en el sistema inform\u00e1tico del usuario<\/p><p>El Responsable no puede asumir ninguna responsabilidad por el uso incorrecto o il\u00edcito de la informaci\u00f3n que aparece en la p\u00e1gina web.<\/p><p><strong>USO DE \"COOKIES\"<\/strong><\/p><p>Este sitio web puede utilizar \"cookies\" t\u00e9cnicas y en todo caso tienen car\u00e1cter temporal.<\/p><p><strong>LEYES DE APLICACI\u00d3N EN ESTA WEB<\/strong><\/p><p>RGPD-Reglamento (UE) 2016\/679 del Parlamento Europeo y del Consejo de 27 de abril de 2016, relativo a la protecci\u00f3n de las personas f\u00edsicas.<\/p><p>LOPD-Ley Org\u00e1nica 15\/1999, de 13 de diciembre, de protecci\u00f3n de datos de car\u00e1cter personal y el Real Decreto 1720\/2007, de 21 de diciembre, Reglamento de desarrollo de la LOPD.<\/p><p>LSSI-Ley 34\/2002, de 11 de julio, de Servicios de la Sociedad de la Informaci\u00f3n y Comercio Electr\u00f3nico.<\/p><p><strong>LEY APLICABLE Y JURISDICCI\u00d3N<\/strong><\/p><p>Para la resoluci\u00f3n de cuestiones o conflictos relacionadas con el presente sitio web o de las actividades desarrolladas en esta, ser\u00e1 de aplicaci\u00f3n la Legislaci\u00f3n espa\u00f1ola y Europea vigente, someti\u00e9ndose expresamente las partes, independientemente de su fuero si lo tuvieran los Juzgados y tribunales de Madrid.<\/p><p>[\/et_pb_text][\/et_pb_column][\/et_pb_row][\/et_pb_section]<\/p>","_et_gb_content_width":"","footnotes":""},"class_list":["post-3670","page","type-page","status-publish","hentry"],"yoast_head":"<!-- This site is optimized with the Yoast SEO plugin v26.8 - https:\/\/yoast.com\/product\/yoast-seo-wordpress\/ -->\n<title>Legal Notice - TAGA<\/title>\n<meta name=\"description\" content=\"Ingenier\u00eda Esc\u00e9nica \u00b7 Proyectos esc\u00e9nicos\" \/>\n<meta name=\"robots\" content=\"index, follow, max-snippet:-1, max-image-preview:large, max-video-preview:-1\" \/>\n<link rel=\"canonical\" href=\"https:\/\/taga.es\/aviso-legal\/\" \/>\n<meta property=\"og:locale\" content=\"en_US\" \/>\n<meta property=\"og:type\" content=\"article\" \/>\n<meta property=\"og:title\" content=\"Legal Notice - TAGA\" \/>\n<meta property=\"og:description\" content=\"Ingenier\u00eda Esc\u00e9nica \u00b7 Proyectos esc\u00e9nicos\" \/>\n<meta property=\"og:url\" content=\"https:\/\/taga.es\/aviso-legal\/\" \/>\n<meta property=\"og:site_name\" content=\"TAGA\" \/>\n<meta property=\"article:modified_time\" content=\"2024-02-12T13:06:45+00:00\" \/>\n<meta name=\"twitter:card\" content=\"summary_large_image\" \/>\n<meta name=\"twitter:label1\" content=\"Est. reading time\" \/>\n\t<meta name=\"twitter:data1\" content=\"7 minutes\" \/>\n<script type=\"application\/ld+json\" class=\"yoast-schema-graph\">{\"@context\":\"https:\/\/schema.org\",\"@graph\":[{\"@type\":\"WebPage\",\"@id\":\"https:\/\/taga.es\/aviso-legal\/\",\"url\":\"https:\/\/taga.es\/aviso-legal\/\",\"name\":\"Legal Notice - TAGA\",\"isPartOf\":{\"@id\":\"https:\/\/taga.es\/#website\"},\"datePublished\":\"2023-05-16T13:27:52+00:00\",\"dateModified\":\"2024-02-12T13:06:45+00:00\",\"description\":\"Ingenier\u00eda Esc\u00e9nica \u00b7 Proyectos esc\u00e9nicos\",\"breadcrumb\":{\"@id\":\"https:\/\/taga.es\/aviso-legal\/#breadcrumb\"},\"inLanguage\":\"en-US\",\"potentialAction\":[{\"@type\":\"ReadAction\",\"target\":[\"https:\/\/taga.es\/aviso-legal\/\"]}]},{\"@type\":\"BreadcrumbList\",\"@id\":\"https:\/\/taga.es\/aviso-legal\/#breadcrumb\",\"itemListElement\":[{\"@type\":\"ListItem\",\"position\":1,\"name\":\"Portada\",\"item\":\"https:\/\/taga.es\/en\/\"},{\"@type\":\"ListItem\",\"position\":2,\"name\":\"Legal Notice\"}]},{\"@type\":\"WebSite\",\"@id\":\"https:\/\/taga.es\/#website\",\"url\":\"https:\/\/taga.es\/\",\"name\":\"TAGA\",\"description\":\"Ingenier\u00eda Esc\u00e9nica \u00b7 Proyectos esc\u00e9nicos\",\"potentialAction\":[{\"@type\":\"SearchAction\",\"target\":{\"@type\":\"EntryPoint\",\"urlTemplate\":\"https:\/\/taga.es\/?s={search_term_string}\"},\"query-input\":{\"@type\":\"PropertyValueSpecification\",\"valueRequired\":true,\"valueName\":\"search_term_string\"}}],\"inLanguage\":\"en-US\"}]}<\/script>\n<!-- \/ Yoast SEO plugin. -->","yoast_head_json":{"title":"Legal Notice - TAGA","description":"Ingenier\u00eda Esc\u00e9nica \u00b7 Proyectos esc\u00e9nicos","robots":{"index":"index","follow":"follow","max-snippet":"max-snippet:-1","max-image-preview":"max-image-preview:large","max-video-preview":"max-video-preview:-1"},"canonical":"https:\/\/taga.es\/aviso-legal\/","og_locale":"en_US","og_type":"article","og_title":"Legal Notice - TAGA","og_description":"Ingenier\u00eda Esc\u00e9nica \u00b7 Proyectos esc\u00e9nicos","og_url":"https:\/\/taga.es\/aviso-legal\/","og_site_name":"TAGA","article_modified_time":"2024-02-12T13:06:45+00:00","twitter_card":"summary_large_image","twitter_misc":{"Est. reading time":"7 minutes"},"schema":{"@context":"https:\/\/schema.org","@graph":[{"@type":"WebPage","@id":"https:\/\/taga.es\/aviso-legal\/","url":"https:\/\/taga.es\/aviso-legal\/","name":"Legal Notice - TAGA","isPartOf":{"@id":"https:\/\/taga.es\/#website"},"datePublished":"2023-05-16T13:27:52+00:00","dateModified":"2024-02-12T13:06:45+00:00","description":"Ingenier\u00eda Esc\u00e9nica \u00b7 Proyectos esc\u00e9nicos","breadcrumb":{"@id":"https:\/\/taga.es\/aviso-legal\/#breadcrumb"},"inLanguage":"en-US","potentialAction":[{"@type":"ReadAction","target":["https:\/\/taga.es\/aviso-legal\/"]}]},{"@type":"BreadcrumbList","@id":"https:\/\/taga.es\/aviso-legal\/#breadcrumb","itemListElement":[{"@type":"ListItem","position":1,"name":"Portada","item":"https:\/\/taga.es\/en\/"},{"@type":"ListItem","position":2,"name":"Legal Notice"}]},{"@type":"WebSite","@id":"https:\/\/taga.es\/#website","url":"https:\/\/taga.es\/","name":"TAGA","description":"Ingenier\u00eda Esc\u00e9nica \u00b7 Proyectos esc\u00e9nicos","potentialAction":[{"@type":"SearchAction","target":{"@type":"EntryPoint","urlTemplate":"https:\/\/taga.es\/?s={search_term_string}"},"query-input":{"@type":"PropertyValueSpecification","valueRequired":true,"valueName":"search_term_string"}}],"inLanguage":"en-US"}]}},"_links":{"self":[{"href":"https:\/\/taga.es\/en\/wp-json\/wp\/v2\/pages\/3670","targetHints":{"allow":["GET"]}}],"collection":[{"href":"https:\/\/taga.es\/en\/wp-json\/wp\/v2\/pages"}],"about":[{"href":"https:\/\/taga.es\/en\/wp-json\/wp\/v2\/types\/page"}],"author":[{"embeddable":true,"href":"https:\/\/taga.es\/en\/wp-json\/wp\/v2\/users\/3"}],"replies":[{"embeddable":true,"href":"https:\/\/taga.es\/en\/wp-json\/wp\/v2\/comments?post=3670"}],"version-history":[{"count":10,"href":"https:\/\/taga.es\/en\/wp-json\/wp\/v2\/pages\/3670\/revisions"}],"predecessor-version":[{"id":6734,"href":"https:\/\/taga.es\/en\/wp-json\/wp\/v2\/pages\/3670\/revisions\/6734"}],"wp:attachment":[{"href":"https:\/\/taga.es\/en\/wp-json\/wp\/v2\/media?parent=3670"}],"curies":[{"name":"wp","href":"https:\/\/api.w.org\/{rel}","templated":true}]}}